{"id":1139,"date":"2025-09-17T20:15:10","date_gmt":"2025-09-17T20:15:10","guid":{"rendered":"https:\/\/apexjumps.com\/?page_id=1139"},"modified":"2026-04-11T19:45:10","modified_gmt":"2026-04-11T19:45:10","slug":"cafe-menu","status":"publish","type":"page","link":"https:\/\/apexjumps.com\/westerville-oh\/cafe-menu\/","title":{"rendered":"Caf\u00e9 Menu"},"content":{"rendered":"\t\t<div data-elementor-type=\"wp-page\" data-elementor-id=\"1139\" class=\"elementor elementor-1139\" data-elementor-post-type=\"page\">\n\t\t\t\t<div class=\"elementor-element elementor-element-522aa38 inner-banner e-flex e-con-boxed e-con e-parent\" data-id=\"522aa38\" data-element_type=\"container\" data-settings=\"{&quot;background_background&quot;:&quot;classic&quot;,&quot;shape_divider_bottom&quot;:&quot;waves&quot;}\">\n\t\t\t\t\t<div class=\"e-con-inner\">\n\t\t\t\t<div class=\"elementor-shape elementor-shape-bottom\" aria-hidden=\"true\" data-negative=\"false\">\n\t\t\t<svg xmlns=\"http:\/\/www.w3.org\/2000\/svg\" viewBox=\"0 0 1000 100\" preserveAspectRatio=\"none\">\n\t<path class=\"elementor-shape-fill\" d=\"M421.9,6.5c22.6-2.5,51.5,0.4,75.5,5.3c23.6,4.9,70.9,23.5,100.5,35.7c75.8,32.2,133.7,44.5,192.6,49.7\n\tc23.6,2.1,48.7,3.5,103.4-2.5c54.7-6,106.2-25.6,106.2-25.6V0H0v30.3c0,0,72,32.6,158.4,30.5c39.2-0.7,92.8-6.7,134-22.4\n\tc21.2-8.1,52.2-18.2,79.7-24.2C399.3,7.9,411.6,7.5,421.9,6.5z\"\/>\n<\/svg>\t\t<\/div>\n\t\t\t\t<div class=\"elementor-element elementor-element-84a74c5 elementor-widget elementor-widget-heading\" data-id=\"84a74c5\" data-element_type=\"widget\" data-widget_type=\"heading.default\">\n\t\t\t\t\t<h2 class=\"elementor-heading-title elementor-size-default\">Caf\u00e9 Menu<\/h2>\t\t\t\t<\/div>\n\t\t\t\t\t<\/div>\n\t\t\t\t<\/div>\n\t\t<div class=\"elementor-element elementor-element-99d9f2f e-con-full e-flex e-con e-parent\" data-id=\"99d9f2f\" data-element_type=\"container\">\n\t\t\t\t<div class=\"elementor-element elementor-element-3b5d488 e-n-tabs-mobile elementor-widget elementor-widget-n-tabs\" data-id=\"3b5d488\" data-element_type=\"widget\" data-settings=\"{&quot;horizontal_scroll&quot;:&quot;disable&quot;}\" data-widget_type=\"nested-tabs.default\">\n\t\t\t\t\t\t\t<div class=\"e-n-tabs\" data-widget-number=\"62248072\" aria-label=\"Tabs. Open items with Enter or Space, close with Escape and navigate using the Arrow keys.\">\n\t\t\t<div class=\"e-n-tabs-heading\" role=\"tablist\">\n\t\t\t\t\t<button id=\"e-n-tab-title-622480721\" class=\"e-n-tab-title\" aria-selected=\"true\" data-tab-index=\"1\" role=\"tab\" tabindex=\"0\" aria-controls=\"e-n-tab-content-622480721\" style=\"--n-tabs-title-order: 1;\">\n\t\t\t\t\t\t<span class=\"e-n-tab-title-text\">\n\t\t\t\tCOMBOS\t\t\t<\/span>\n\t\t<\/button>\n\t\t\t\t<button id=\"e-n-tab-title-622480722\" class=\"e-n-tab-title\" aria-selected=\"false\" data-tab-index=\"2\" role=\"tab\" tabindex=\"-1\" aria-controls=\"e-n-tab-content-622480722\" style=\"--n-tabs-title-order: 2;\">\n\t\t\t\t\t\t<span class=\"e-n-tab-title-text\">\n\t\t\t\tINDIVIDUAL ITEMS\t\t\t<\/span>\n\t\t<\/button>\n\t\t\t\t\t<\/div>\n\t\t\t<div class=\"e-n-tabs-content\">\n\t\t\t\t<div id=\"e-n-tab-content-622480721\" role=\"tabpanel\" aria-labelledby=\"e-n-tab-title-622480721\" data-tab-index=\"1\" style=\"--n-tabs-title-order: 1;\" class=\"e-active elementor-element elementor-element-68e16f4 e-con-full e-flex e-con e-child\" data-id=\"68e16f4\" data-element_type=\"container\">\n\t\t<div class=\"elementor-element elementor-element-c100936 e-flex e-con-boxed e-con e-child\" data-id=\"c100936\" data-element_type=\"container\">\n\t\t\t\t\t<div class=\"e-con-inner\">\n\t\t\t\t<div class=\"elementor-element elementor-element-04b78ef elementor-widget elementor-widget-heading\" data-id=\"04b78ef\" data-element_type=\"widget\" data-widget_type=\"heading.default\">\n\t\t\t\t\t<h2 class=\"elementor-heading-title elementor-size-default\">our  <span>Caf\u00e9<\/span> menu<\/h2>\t\t\t\t<\/div>\n\t\t\t\t<div class=\"elementor-element elementor-element-58d063c elementor-widget elementor-widget-image\" data-id=\"58d063c\" data-element_type=\"widget\" data-widget_type=\"image.default\">\n\t\t\t\t\t\t\t\t\t\t\t\t\t\t\t<img fetchpriority=\"high\" decoding=\"async\" width=\"800\" height=\"712\" src=\"https:\/\/apexjumps.com\/westerville-oh\/wp-content\/uploads\/2026\/04\/Untitled-design-2026-04-11T145115.311-1024x911.png\" class=\"attachment-large size-large wp-image-3471\" alt=\"\" srcset=\"https:\/\/apexjumps.com\/westerville-oh\/wp-content\/uploads\/2026\/04\/Untitled-design-2026-04-11T145115.311-1024x911.png 1024w, https:\/\/apexjumps.com\/westerville-oh\/wp-content\/uploads\/2026\/04\/Untitled-design-2026-04-11T145115.311-300x267.png 300w, https:\/\/apexjumps.com\/westerville-oh\/wp-content\/uploads\/2026\/04\/Untitled-design-2026-04-11T145115.311-768x683.png 768w, https:\/\/apexjumps.com\/westerville-oh\/wp-content\/uploads\/2026\/04\/Untitled-design-2026-04-11T145115.311.png 1097w\" sizes=\"(max-width: 800px) 100vw, 800px\" \/>\t\t\t\t\t\t\t\t\t\t\t\t\t\t\t<\/div>\n\t\t\t\t\t<\/div>\n\t\t\t\t<\/div>\n\t\t\t\t<\/div>\n\t\t<div id=\"e-n-tab-content-622480722\" role=\"tabpanel\" aria-labelledby=\"e-n-tab-title-622480722\" data-tab-index=\"2\" style=\"--n-tabs-title-order: 2;\" class=\" elementor-element elementor-element-f5a25de e-con-full e-flex e-con e-child\" data-id=\"f5a25de\" data-element_type=\"container\">\n\t\t<div class=\"elementor-element elementor-element-7038127 e-flex e-con-boxed e-con e-child\" data-id=\"7038127\" data-element_type=\"container\">\n\t\t\t\t\t<div class=\"e-con-inner\">\n\t\t\t\t<div class=\"elementor-element elementor-element-f8f686a elementor-widget elementor-widget-heading\" data-id=\"f8f686a\" data-element_type=\"widget\" data-widget_type=\"heading.default\">\n\t\t\t\t\t<h2 class=\"elementor-heading-title elementor-size-default\">our  <span>Caf\u00e9<\/span> menu<\/h2>\t\t\t\t<\/div>\n\t\t\t\t<div class=\"elementor-element elementor-element-35a2112 elementor-widget elementor-widget-image\" data-id=\"35a2112\" data-element_type=\"widget\" data-widget_type=\"image.default\">\n\t\t\t\t\t\t\t\t\t\t\t\t\t\t\t<img decoding=\"async\" width=\"800\" height=\"712\" src=\"https:\/\/apexjumps.com\/westerville-oh\/wp-content\/uploads\/2026\/04\/Untitled-design-2026-04-11T151306.065-1024x911.png\" class=\"attachment-large size-large wp-image-3473\" alt=\"\" srcset=\"https:\/\/apexjumps.com\/westerville-oh\/wp-content\/uploads\/2026\/04\/Untitled-design-2026-04-11T151306.065-1024x911.png 1024w, https:\/\/apexjumps.com\/westerville-oh\/wp-content\/uploads\/2026\/04\/Untitled-design-2026-04-11T151306.065-300x267.png 300w, https:\/\/apexjumps.com\/westerville-oh\/wp-content\/uploads\/2026\/04\/Untitled-design-2026-04-11T151306.065-768x683.png 768w, https:\/\/apexjumps.com\/westerville-oh\/wp-content\/uploads\/2026\/04\/Untitled-design-2026-04-11T151306.065.png 1097w\" sizes=\"(max-width: 800px) 100vw, 800px\" \/>\t\t\t\t\t\t\t\t\t\t\t\t\t\t\t<\/div>\n\t\t\t\t\t<\/div>\n\t\t\t\t<\/div>\n\t\t\t\t<\/div>\n\t\t\t\t\t<\/div>\n\t\t<\/div>\n\t\t\t\t\t\t<\/div>\n\t\t\t\t<\/div>\n\t\t\t\t<\/div>\n\t\t","protected":false},"excerpt":{"rendered":"<p>Caf\u00e9 Menu COMBOS INDIVIDUAL ITEMS our Caf\u00e9 menu our Caf\u00e9 menu our Caf\u00e9 menu our Caf\u00e9 menu<\/p>\n","protected":false},"author":1,"featured_media":0,"parent":0,"menu_order":0,"comment_status":"closed","ping_status":"closed","template":"","meta":{"footnotes":""},"class_list":["post-1139","page","type-page","status-publish","hentry"],"_links":{"self":[{"href":"https:\/\/apexjumps.com\/westerville-oh\/wp-json\/wp\/v2\/pages\/1139","targetHints":{"allow":["GET"]}}],"collection":[{"href":"https:\/\/apexjumps.com\/westerville-oh\/wp-json\/wp\/v2\/pages"}],"about":[{"href":"https:\/\/apexjumps.com\/westerville-oh\/wp-json\/wp\/v2\/types\/page"}],"author":[{"embeddable":true,"href":"https:\/\/apexjumps.com\/westerville-oh\/wp-json\/wp\/v2\/users\/1"}],"replies":[{"embeddable":true,"href":"https:\/\/apexjumps.com\/westerville-oh\/wp-json\/wp\/v2\/comments?post=1139"}],"version-history":[{"count":60,"href":"https:\/\/apexjumps.com\/westerville-oh\/wp-json\/wp\/v2\/pages\/1139\/revisions"}],"predecessor-version":[{"id":3476,"href":"https:\/\/apexjumps.com\/westerville-oh\/wp-json\/wp\/v2\/pages\/1139\/revisions\/3476"}],"wp:attachment":[{"href":"https:\/\/apexjumps.com\/westerville-oh\/wp-json\/wp\/v2\/media?parent=1139"}],"curies":[{"name":"wp","href":"https:\/\/api.w.org\/{rel}","templated":true}]}}